{"id":2,"date":"2009-06-04T10:50:33","date_gmt":"2009-06-04T09:50:33","guid":{"rendered":"http:\/\/ludwigsburger-internetseiten.de\/wordpress-to-go\/?page_id=2"},"modified":"2024-09-24T14:16:05","modified_gmt":"2024-09-24T12:16:05","slug":"welcome","status":"publish","type":"page","link":"https:\/\/ludwigsburger-internetseiten.de\/wordpress-to-go\/","title":{"rendered":"WORDPRESS-TO-GO"},"content":{"rendered":"<p><strong>Willkommen auf den WordPress-Testseiten f\u00fcr Kunden.<\/strong><\/p>\n<p><strong>M\u00f6chten auch Sie eine Homepage, die Sie selbst bearbeiten k\u00f6nnen, oder w\u00fcnschen Sie einen Testaccount vorab?<\/strong><\/p>\n<p>Aus dem Angebot:<\/p>\n<p>Nr: 0010: <span style=\"color: #800000;\"><strong>WORDPRESS-TO-GO<\/strong><\/span> &#8211; WordPress Installation (betriebsbereit, neueste dt. Version), Grundlayout und -einstellungen, kurze Einf\u00fchrung mit Erkl\u00e4rung der M\u00f6glichkeiten (Bestellung \u00fcber <a href=\"https:\/\/www.christiane-klein.de\/kontakt\" target=\"_blank\" rel=\"noopener\">klein.multimediadesign<\/a>)<\/p>\n<p>Nr: 0020: WordPress Tel. Support\/Anleitung (Honorar nach Absprache)<\/p>\n<p>Nr: 0021: Installation eines WordPress-Templates Ihrer Wahl (d.h. Sie suchen, ich installiere)<\/p>\n<p>&#8230;<\/p>\n<p><strong>Um WordPress auszuprobieren und <\/strong><strong>Demo-Zugangsdaten zu erhalten<\/strong><strong>, schicken Sie einfach eine kurze Mail oder rufen Sie mich an.<\/strong><\/p>\n<p><!--:--><!--:en--><\/p>\n","protected":false},"excerpt":{"rendered":"<p>Willkommen auf den WordPress-Testseiten f\u00fcr Kunden. M\u00f6chten auch Sie eine Homepage, die Sie selbst bearbeiten k\u00f6nnen, oder w\u00fcnschen Sie einen Testaccount vorab? Aus dem Angebot: Nr: 0010: WORDPRESS-TO-GO &#8211; WordPress Installation (betriebsbereit, neueste dt. Version), Grundlayout und -einstellungen, kurze Einf\u00fchrung mit Erkl\u00e4rung der M\u00f6glichkeiten (Bestellung \u00fcber klein.multimediadesign) Nr: 0020: WordPress Tel. Support\/Anleitung (Honorar nach Absprache) [&hellip;]<\/p>\n","protected":false},"author":3,"featured_media":0,"parent":0,"menu_order":6,"comment_status":"closed","ping_status":"closed","template":"page-templates\/full-width.php","meta":{"ngg_post_thumbnail":0,"footnotes":""},"class_list":["post-2","page","type-page","status-publish","hentry"],"_links":{"self":[{"href":"https:\/\/ludwigsburger-internetseiten.de\/wordpress-to-go\/wp-json\/wp\/v2\/pages\/2","targetHints":{"allow":["GET"]}}],"collection":[{"href":"https:\/\/ludwigsburger-internetseiten.de\/wordpress-to-go\/wp-json\/wp\/v2\/pages"}],"about":[{"href":"https:\/\/ludwigsburger-internetseiten.de\/wordpress-to-go\/wp-json\/wp\/v2\/types\/page"}],"author":[{"embeddable":true,"href":"https:\/\/ludwigsburger-internetseiten.de\/wordpress-to-go\/wp-json\/wp\/v2\/users\/3"}],"replies":[{"embeddable":true,"href":"https:\/\/ludwigsburger-internetseiten.de\/wordpress-to-go\/wp-json\/wp\/v2\/comments?post=2"}],"version-history":[{"count":11,"href":"https:\/\/ludwigsburger-internetseiten.de\/wordpress-to-go\/wp-json\/wp\/v2\/pages\/2\/revisions"}],"predecessor-version":[{"id":1601,"href":"https:\/\/ludwigsburger-internetseiten.de\/wordpress-to-go\/wp-json\/wp\/v2\/pages\/2\/revisions\/1601"}],"wp:attachment":[{"href":"https:\/\/ludwigsburger-internetseiten.de\/wordpress-to-go\/wp-json\/wp\/v2\/media?parent=2"}],"curies":[{"name":"wp","href":"https:\/\/api.w.org\/{rel}","templated":true}]}}